{"id":70,"date":"2022-04-18T20:46:17","date_gmt":"2022-04-18T23:46:17","guid":{"rendered":"http:\/\/gramaxdigital.com\/formularios\/?page_id=70"},"modified":"2024-01-25T13:07:41","modified_gmt":"2024-01-25T16:07:41","slug":"bienvenido","status":"publish","type":"page","link":"https:\/\/gramaxdigital.com\/blog\/","title":{"rendered":"Bienvenido"},"content":{"rendered":"\t\t<div data-elementor-type=\"wp-page\" data-elementor-id=\"70\" class=\"elementor elementor-70\" data-elementor-post-type=\"page\">\n\t\t\t\t\t\t<section class=\"elementor-section elementor-top-section elementor-element elementor-element-f6dc4f8 elementor-section-boxed elementor-section-height-default elementor-section-height-default\" data-id=\"f6dc4f8\" data-element_type=\"section\" data-e-type=\"section\" data-settings=\"{&quot;background_background&quot;:&quot;classic&quot;}\">\n\t\t\t\t\t\t<div class=\"elementor-container elementor-column-gap-default\">\n\t\t\t\t\t<div class=\"elementor-column elementor-col-100 elementor-top-column elementor-element elementor-element-dbfcc63\" data-id=\"dbfcc63\" data-element_type=\"column\" data-e-type=\"column\">\n\t\t\t<div class=\"elementor-widget-wrap elementor-element-populated\">\n\t\t\t\t\t\t<div class=\"elementor-element elementor-element-3c2a82d elementor-grid-3 elementor-grid-tablet-2 elementor-grid-mobile-1 elementor-posts--thumbnail-top elementor-card-shadow-yes elementor-posts__hover-gradient elementor-widget elementor-widget-posts\" data-id=\"3c2a82d\" data-element_type=\"widget\" data-e-type=\"widget\" data-settings=\"{&quot;pagination_type&quot;:&quot;numbers_and_prev_next&quot;,&quot;cards_columns&quot;:&quot;3&quot;,&quot;cards_columns_tablet&quot;:&quot;2&quot;,&quot;cards_columns_mobile&quot;:&quot;1&quot;,&quot;cards_row_gap&quot;:{&quot;unit&quot;:&quot;px&quot;,&quot;size&quot;:35,&quot;sizes&quot;:[]},&quot;cards_row_gap_tablet&quot;:{&quot;unit&quot;:&quot;px&quot;,&quot;size&quot;:&quot;&quot;,&quot;sizes&quot;:[]},&quot;cards_row_gap_mobile&quot;:{&quot;unit&quot;:&quot;px&quot;,&quot;size&quot;:&quot;&quot;,&quot;sizes&quot;:[]}}\" data-widget_type=\"posts.cards\">\n\t\t\t\t<div class=\"elementor-widget-container\">\n\t\t\t\t\t\t\t<div class=\"elementor-posts-container elementor-posts elementor-posts--skin-cards elementor-grid\" role=\"list\">\n\t\t\t\t<article class=\"elementor-post elementor-grid-item post-1365 post type-post status-publish format-standard has-post-thumbnail hentry category-storytelling tag-storytelling\" role=\"listitem\">\n\t\t\t<div class=\"elementor-post__card\">\n\t\t\t\t<a class=\"elementor-post__thumbnail__link\" href=\"https:\/\/gramaxdigital.com\/blog\/storytelling-para-marcas\/\" tabindex=\"-1\" ><div class=\"elementor-post__thumbnail\"><img fetchpriority=\"high\" decoding=\"async\" width=\"1792\" height=\"1024\" src=\"https:\/\/gramaxdigital.com\/blog\/wp-content\/uploads\/2024\/01\/storytelling.webp\" class=\"attachment-full size-full wp-image-1366\" alt=\"\" srcset=\"https:\/\/gramaxdigital.com\/blog\/wp-content\/uploads\/2024\/01\/storytelling.webp 1792w, https:\/\/gramaxdigital.com\/blog\/wp-content\/uploads\/2024\/01\/storytelling-300x171.webp 300w, https:\/\/gramaxdigital.com\/blog\/wp-content\/uploads\/2024\/01\/storytelling-1024x585.webp 1024w, https:\/\/gramaxdigital.com\/blog\/wp-content\/uploads\/2024\/01\/storytelling-768x439.webp 768w, https:\/\/gramaxdigital.com\/blog\/wp-content\/uploads\/2024\/01\/storytelling-1536x878.webp 1536w\" sizes=\"(max-width: 1792px) 100vw, 1792px\" \/><\/div><\/a>\n\t\t\t\t<div class=\"elementor-post__badge\">Storytelling<\/div>\n\t\t\t\t<div class=\"elementor-post__text\">\n\t\t\t\t<h2 class=\"elementor-post__title\">\n\t\t\t<a href=\"https:\/\/gramaxdigital.com\/blog\/storytelling-para-marcas\/\" >\n\t\t\t\tContar la historia que tu cliente quiere escuchar: storytelling para marcas y negocios exitosos\t\t\t<\/a>\n\t\t<\/h2>\n\t\t\t\t<div class=\"elementor-post__excerpt\">\n\t\t\t<p>Descubre c\u00f3mo el storytelling, una pr\u00e1ctica ancestral, potencia tu marca. Conecta con tu audiencia desde tiempos inmemorables y posiciona tu negocio en sus mentes.<\/p>\n\t\t<\/div>\n\t\t\t\t\t<div class=\"elementor-post__read-more-wrapper\">\n\t\t\n\t\t<a class=\"elementor-post__read-more\" href=\"https:\/\/gramaxdigital.com\/blog\/storytelling-para-marcas\/\" aria-label=\"M\u00e1s informaci\u00f3n sobre Contar la historia que tu cliente quiere escuchar: storytelling para marcas y negocios exitosos\" tabindex=\"-1\" >\n\t\t\tSeguir leyendo \u00bb\t\t<\/a>\n\n\t\t\t\t\t<\/div>\n\t\t\t\t<\/div>\n\t\t\t\t<div class=\"elementor-post__meta-data\">\n\t\t\t\t\t<span class=\"elementor-post-author\">\n\t\t\tRoc\u00edo Guevara Alicata\t\t<\/span>\n\t\t\t\t<span class=\"elementor-post-avatar\">\n\t\t\tNo hay comentarios\t\t<\/span>\n\t\t\t\t<\/div>\n\t\t\t\t\t<\/div>\n\t\t<\/article>\n\t\t\t\t<article class=\"elementor-post elementor-grid-item post-1245 post type-post status-publish format-standard has-post-thumbnail hentry category-meta-ads tag-meta-ads tag-publicidad tag-publicidad-digital\" role=\"listitem\">\n\t\t\t<div class=\"elementor-post__card\">\n\t\t\t\t<a class=\"elementor-post__thumbnail__link\" href=\"https:\/\/gramaxdigital.com\/blog\/5-errores-en-meta-ads\/\" tabindex=\"-1\" ><div class=\"elementor-post__thumbnail\"><img decoding=\"async\" width=\"1792\" height=\"1024\" src=\"https:\/\/gramaxdigital.com\/blog\/wp-content\/uploads\/2024\/01\/9c6ec795-3cf3-494f-8887-fd396a4153a1.webp\" class=\"attachment-full size-full wp-image-1246\" alt=\"\" srcset=\"https:\/\/gramaxdigital.com\/blog\/wp-content\/uploads\/2024\/01\/9c6ec795-3cf3-494f-8887-fd396a4153a1.webp 1792w, https:\/\/gramaxdigital.com\/blog\/wp-content\/uploads\/2024\/01\/9c6ec795-3cf3-494f-8887-fd396a4153a1-300x171.webp 300w, https:\/\/gramaxdigital.com\/blog\/wp-content\/uploads\/2024\/01\/9c6ec795-3cf3-494f-8887-fd396a4153a1-1024x585.webp 1024w, https:\/\/gramaxdigital.com\/blog\/wp-content\/uploads\/2024\/01\/9c6ec795-3cf3-494f-8887-fd396a4153a1-768x439.webp 768w, https:\/\/gramaxdigital.com\/blog\/wp-content\/uploads\/2024\/01\/9c6ec795-3cf3-494f-8887-fd396a4153a1-1536x878.webp 1536w\" sizes=\"(max-width: 1792px) 100vw, 1792px\" \/><\/div><\/a>\n\t\t\t\t<div class=\"elementor-post__badge\">Meta Ads<\/div>\n\t\t\t\t<div class=\"elementor-post__text\">\n\t\t\t\t<h2 class=\"elementor-post__title\">\n\t\t\t<a href=\"https:\/\/gramaxdigital.com\/blog\/5-errores-en-meta-ads\/\" >\n\t\t\t\t5 errores que pueden impactar negativamente en el rendimiento de tu campa\u00f1a publicitaria en Meta Ads\t\t\t<\/a>\n\t\t<\/h2>\n\t\t\t\t<div class=\"elementor-post__excerpt\">\n\t\t\t<p>Descubre c\u00f3mo evitar los errores comunes en los anuncios de Meta Ads para maximizar el rendimiento de tu campa\u00f1a. Desde la importancia de una segmentaci\u00f3n precisa hasta estrategias efectivas de llamada a la acci\u00f3n, este art\u00edculo te servir\u00e1 de gu\u00eda para tener mayores tasa de \u00e9xito.<\/p>\n\t\t<\/div>\n\t\t\t\t\t<div class=\"elementor-post__read-more-wrapper\">\n\t\t\n\t\t<a class=\"elementor-post__read-more\" href=\"https:\/\/gramaxdigital.com\/blog\/5-errores-en-meta-ads\/\" aria-label=\"M\u00e1s informaci\u00f3n sobre 5 errores que pueden impactar negativamente en el rendimiento de tu campa\u00f1a publicitaria en Meta Ads\" tabindex=\"-1\" >\n\t\t\tSeguir leyendo \u00bb\t\t<\/a>\n\n\t\t\t\t\t<\/div>\n\t\t\t\t<\/div>\n\t\t\t\t<div class=\"elementor-post__meta-data\">\n\t\t\t\t\t<span class=\"elementor-post-author\">\n\t\t\tRoc\u00edo Guevara Alicata\t\t<\/span>\n\t\t\t\t<span class=\"elementor-post-avatar\">\n\t\t\tNo hay comentarios\t\t<\/span>\n\t\t\t\t<\/div>\n\t\t\t\t\t<\/div>\n\t\t<\/article>\n\t\t\t\t<\/div>\n\t\t\n\t\t\t\t\t\t<\/div>\n\t\t\t\t<\/div>\n\t\t\t\t\t<\/div>\n\t\t<\/div>\n\t\t\t\t\t<\/div>\n\t\t<\/section>\n\t\t\t\t<\/div>\n\t\t","protected":false},"excerpt":{"rendered":"","protected":false},"author":2,"featured_media":833,"parent":0,"menu_order":0,"comment_status":"closed","ping_status":"closed","template":"","meta":{"site-sidebar-layout":"no-sidebar","site-content-layout":"page-builder","ast-site-content-layout":"default","site-content-style":"default","site-sidebar-style":"default","ast-global-header-display":"","ast-banner-title-visibility":"","ast-main-header-display":"","ast-hfb-above-header-display":"","ast-hfb-below-header-display":"","ast-hfb-mobile-header-display":"","site-post-title":"disabled","ast-breadcrumbs-content":"","ast-featured-img":"disabled","footer-sml-layout":"","ast-disable-related-posts":"","theme-transparent-header-meta":"","adv-header-id-meta":"","stick-header-meta":"","header-above-stick-meta":"","header-main-stick-meta":"","header-below-stick-meta":"","astra-migrate-meta-layouts":"default","ast-page-background-enabled":"default","ast-page-background-meta":{"desktop":{"background-color":"var(--ast-global-color-4)","background-image":"","background-repeat":"repeat","background-position":"center center","background-size":"auto","background-attachment":"scroll","background-type":"","background-media":"","overlay-type":"","overlay-color":"","overlay-opacity":"","overlay-gradient":""},"tablet":{"background-color":"","background-image":"","background-repeat":"repeat","background-position":"center center","background-size":"auto","background-attachment":"scroll","background-type":"","background-media":"","overlay-type":"","overlay-color":"","overlay-opacity":"","overlay-gradient":""},"mobile":{"background-color":"","background-image":"","background-repeat":"repeat","background-position":"center center","background-size":"auto","background-attachment":"scroll","background-type":"","background-media":"","overlay-type":"","overlay-color":"","overlay-opacity":"","overlay-gradient":""}},"ast-content-background-meta":{"desktop":{"background-color":"var(--ast-global-color-5)","background-image":"","background-repeat":"repeat","background-position":"center center","background-size":"auto","background-attachment":"scroll","background-type":"","background-media":"","overlay-type":"","overlay-color":"","overlay-opacity":"","overlay-gradient":""},"tablet":{"background-color":"var(--ast-global-color-5)","background-image":"","background-repeat":"repeat","background-position":"center center","background-size":"auto","background-attachment":"scroll","background-type":"","background-media":"","overlay-type":"","overlay-color":"","overlay-opacity":"","overlay-gradient":""},"mobile":{"background-color":"var(--ast-global-color-5)","background-image":"","background-repeat":"repeat","background-position":"center center","background-size":"auto","background-attachment":"scroll","background-type":"","background-media":"","overlay-type":"","overlay-color":"","overlay-opacity":"","overlay-gradient":""}},"footnotes":""},"class_list":["post-70","page","type-page","status-publish","has-post-thumbnail","hentry"],"yoast_head":"<!-- This site is optimized with the Yoast SEO plugin v27.5 - https:\/\/yoast.com\/product\/yoast-seo-wordpress\/ -->\n<title>Gramax<\/title>\n<meta name=\"description\" content=\"Romp\u00e9 el molde y presentate ante tus potenciales clientes de forma \u00fanica.Con la estrategia adecuada, pod\u00e9s lograrlo. Nosotros te acompa\u00f1amos.\" \/>\n<meta name=\"robots\" content=\"index, follow, max-snippet:-1, max-image-preview:large, max-video-preview:-1\" \/>\n<link rel=\"canonical\" href=\"http:\/\/gramaxdigital.com\/blog\/\" \/>\n<meta property=\"og:locale\" content=\"es_ES\" \/>\n<meta property=\"og:type\" content=\"article\" \/>\n<meta property=\"og:title\" content=\"Gramax\" \/>\n<meta property=\"og:description\" content=\"Romp\u00e9 el molde y presentate ante tus potenciales clientes de forma \u00fanica.Con la estrategia adecuada, pod\u00e9s lograrlo. Nosotros te acompa\u00f1amos.\" \/>\n<meta property=\"og:url\" content=\"http:\/\/gramaxdigital.com\/blog\/\" \/>\n<meta property=\"og:site_name\" content=\"Gramax\" \/>\n<meta property=\"article:publisher\" content=\"https:\/\/www.fb.com\/gramaxdigital\" \/>\n<meta property=\"article:modified_time\" content=\"2024-01-25T16:07:41+00:00\" \/>\n<meta property=\"og:image\" content=\"http:\/\/gramaxdigital.com\/blog\/wp-content\/uploads\/2023\/08\/coffe.jpg\" \/>\n\t<meta property=\"og:image:width\" content=\"600\" \/>\n\t<meta property=\"og:image:height\" content=\"533\" \/>\n\t<meta property=\"og:image:type\" content=\"image\/jpeg\" \/>\n<meta name=\"twitter:card\" content=\"summary_large_image\" \/>\n<meta name=\"twitter:label1\" content=\"Tiempo de lectura\" \/>\n\t<meta name=\"twitter:data1\" content=\"1 minuto\" \/>\n<script type=\"application\/ld+json\" class=\"yoast-schema-graph\">{\"@context\":\"https:\\\/\\\/schema.org\",\"@graph\":[{\"@type\":\"WebPage\",\"@id\":\"http:\\\/\\\/gramaxdigital.com\\\/blog\\\/\",\"url\":\"http:\\\/\\\/gramaxdigital.com\\\/blog\\\/\",\"name\":\"Gramax\",\"isPartOf\":{\"@id\":\"http:\\\/\\\/gramaxdigital.com\\\/blog\\\/#website\"},\"primaryImageOfPage\":{\"@id\":\"http:\\\/\\\/gramaxdigital.com\\\/blog\\\/#primaryimage\"},\"image\":{\"@id\":\"http:\\\/\\\/gramaxdigital.com\\\/blog\\\/#primaryimage\"},\"thumbnailUrl\":\"https:\\\/\\\/gramaxdigital.com\\\/blog\\\/wp-content\\\/uploads\\\/2023\\\/08\\\/coffe.jpg\",\"datePublished\":\"2022-04-18T23:46:17+00:00\",\"dateModified\":\"2024-01-25T16:07:41+00:00\",\"description\":\"Romp\u00e9 el molde y presentate ante tus potenciales clientes de forma \u00fanica.Con la estrategia adecuada, pod\u00e9s lograrlo. Nosotros te acompa\u00f1amos.\",\"inLanguage\":\"es\",\"potentialAction\":[{\"@type\":\"ReadAction\",\"target\":[\"http:\\\/\\\/gramaxdigital.com\\\/blog\\\/\"]}]},{\"@type\":\"ImageObject\",\"inLanguage\":\"es\",\"@id\":\"http:\\\/\\\/gramaxdigital.com\\\/blog\\\/#primaryimage\",\"url\":\"https:\\\/\\\/gramaxdigital.com\\\/blog\\\/wp-content\\\/uploads\\\/2023\\\/08\\\/coffe.jpg\",\"contentUrl\":\"https:\\\/\\\/gramaxdigital.com\\\/blog\\\/wp-content\\\/uploads\\\/2023\\\/08\\\/coffe.jpg\",\"width\":600,\"height\":533},{\"@type\":\"WebSite\",\"@id\":\"http:\\\/\\\/gramaxdigital.com\\\/blog\\\/#website\",\"url\":\"http:\\\/\\\/gramaxdigital.com\\\/blog\\\/\",\"name\":\"Gramax\",\"description\":\"Agencia de Marketing Digital\",\"publisher\":{\"@id\":\"http:\\\/\\\/gramaxdigital.com\\\/blog\\\/#organization\"},\"potentialAction\":[{\"@type\":\"SearchAction\",\"target\":{\"@type\":\"EntryPoint\",\"urlTemplate\":\"http:\\\/\\\/gramaxdigital.com\\\/blog\\\/?s={search_term_string}\"},\"query-input\":{\"@type\":\"PropertyValueSpecification\",\"valueRequired\":true,\"valueName\":\"search_term_string\"}}],\"inLanguage\":\"es\"},{\"@type\":\"Organization\",\"@id\":\"http:\\\/\\\/gramaxdigital.com\\\/blog\\\/#organization\",\"name\":\"Gramax\",\"url\":\"http:\\\/\\\/gramaxdigital.com\\\/blog\\\/\",\"logo\":{\"@type\":\"ImageObject\",\"inLanguage\":\"es\",\"@id\":\"http:\\\/\\\/gramaxdigital.com\\\/blog\\\/#\\\/schema\\\/logo\\\/image\\\/\",\"url\":\"https:\\\/\\\/gramaxdigital.com\\\/blog\\\/wp-content\\\/uploads\\\/2023\\\/08\\\/logo.jpg\",\"contentUrl\":\"https:\\\/\\\/gramaxdigital.com\\\/blog\\\/wp-content\\\/uploads\\\/2023\\\/08\\\/logo.jpg\",\"width\":600,\"height\":123,\"caption\":\"Gramax\"},\"image\":{\"@id\":\"http:\\\/\\\/gramaxdigital.com\\\/blog\\\/#\\\/schema\\\/logo\\\/image\\\/\"},\"sameAs\":[\"https:\\\/\\\/www.fb.com\\\/gramaxdigital\"]}]}<\/script>\n<!-- \/ Yoast SEO plugin. -->","yoast_head_json":{"title":"Gramax","description":"Romp\u00e9 el molde y presentate ante tus potenciales clientes de forma \u00fanica.Con la estrategia adecuada, pod\u00e9s lograrlo. Nosotros te acompa\u00f1amos.","robots":{"index":"index","follow":"follow","max-snippet":"max-snippet:-1","max-image-preview":"max-image-preview:large","max-video-preview":"max-video-preview:-1"},"canonical":"http:\/\/gramaxdigital.com\/blog\/","og_locale":"es_ES","og_type":"article","og_title":"Gramax","og_description":"Romp\u00e9 el molde y presentate ante tus potenciales clientes de forma \u00fanica.Con la estrategia adecuada, pod\u00e9s lograrlo. Nosotros te acompa\u00f1amos.","og_url":"http:\/\/gramaxdigital.com\/blog\/","og_site_name":"Gramax","article_publisher":"https:\/\/www.fb.com\/gramaxdigital","article_modified_time":"2024-01-25T16:07:41+00:00","og_image":[{"width":600,"height":533,"url":"http:\/\/gramaxdigital.com\/blog\/wp-content\/uploads\/2023\/08\/coffe.jpg","type":"image\/jpeg"}],"twitter_card":"summary_large_image","twitter_misc":{"Tiempo de lectura":"1 minuto"},"schema":{"@context":"https:\/\/schema.org","@graph":[{"@type":"WebPage","@id":"http:\/\/gramaxdigital.com\/blog\/","url":"http:\/\/gramaxdigital.com\/blog\/","name":"Gramax","isPartOf":{"@id":"http:\/\/gramaxdigital.com\/blog\/#website"},"primaryImageOfPage":{"@id":"http:\/\/gramaxdigital.com\/blog\/#primaryimage"},"image":{"@id":"http:\/\/gramaxdigital.com\/blog\/#primaryimage"},"thumbnailUrl":"https:\/\/gramaxdigital.com\/blog\/wp-content\/uploads\/2023\/08\/coffe.jpg","datePublished":"2022-04-18T23:46:17+00:00","dateModified":"2024-01-25T16:07:41+00:00","description":"Romp\u00e9 el molde y presentate ante tus potenciales clientes de forma \u00fanica.Con la estrategia adecuada, pod\u00e9s lograrlo. Nosotros te acompa\u00f1amos.","inLanguage":"es","potentialAction":[{"@type":"ReadAction","target":["http:\/\/gramaxdigital.com\/blog\/"]}]},{"@type":"ImageObject","inLanguage":"es","@id":"http:\/\/gramaxdigital.com\/blog\/#primaryimage","url":"https:\/\/gramaxdigital.com\/blog\/wp-content\/uploads\/2023\/08\/coffe.jpg","contentUrl":"https:\/\/gramaxdigital.com\/blog\/wp-content\/uploads\/2023\/08\/coffe.jpg","width":600,"height":533},{"@type":"WebSite","@id":"http:\/\/gramaxdigital.com\/blog\/#website","url":"http:\/\/gramaxdigital.com\/blog\/","name":"Gramax","description":"Agencia de Marketing Digital","publisher":{"@id":"http:\/\/gramaxdigital.com\/blog\/#organization"},"potentialAction":[{"@type":"SearchAction","target":{"@type":"EntryPoint","urlTemplate":"http:\/\/gramaxdigital.com\/blog\/?s={search_term_string}"},"query-input":{"@type":"PropertyValueSpecification","valueRequired":true,"valueName":"search_term_string"}}],"inLanguage":"es"},{"@type":"Organization","@id":"http:\/\/gramaxdigital.com\/blog\/#organization","name":"Gramax","url":"http:\/\/gramaxdigital.com\/blog\/","logo":{"@type":"ImageObject","inLanguage":"es","@id":"http:\/\/gramaxdigital.com\/blog\/#\/schema\/logo\/image\/","url":"https:\/\/gramaxdigital.com\/blog\/wp-content\/uploads\/2023\/08\/logo.jpg","contentUrl":"https:\/\/gramaxdigital.com\/blog\/wp-content\/uploads\/2023\/08\/logo.jpg","width":600,"height":123,"caption":"Gramax"},"image":{"@id":"http:\/\/gramaxdigital.com\/blog\/#\/schema\/logo\/image\/"},"sameAs":["https:\/\/www.fb.com\/gramaxdigital"]}]}},"_links":{"self":[{"href":"https:\/\/gramaxdigital.com\/blog\/wp-json\/wp\/v2\/pages\/70","targetHints":{"allow":["GET"]}}],"collection":[{"href":"https:\/\/gramaxdigital.com\/blog\/wp-json\/wp\/v2\/pages"}],"about":[{"href":"https:\/\/gramaxdigital.com\/blog\/wp-json\/wp\/v2\/types\/page"}],"author":[{"embeddable":true,"href":"https:\/\/gramaxdigital.com\/blog\/wp-json\/wp\/v2\/users\/2"}],"replies":[{"embeddable":true,"href":"https:\/\/gramaxdigital.com\/blog\/wp-json\/wp\/v2\/comments?post=70"}],"version-history":[{"count":30,"href":"https:\/\/gramaxdigital.com\/blog\/wp-json\/wp\/v2\/pages\/70\/revisions"}],"predecessor-version":[{"id":1376,"href":"https:\/\/gramaxdigital.com\/blog\/wp-json\/wp\/v2\/pages\/70\/revisions\/1376"}],"wp:featuredmedia":[{"embeddable":true,"href":"https:\/\/gramaxdigital.com\/blog\/wp-json\/wp\/v2\/media\/833"}],"wp:attachment":[{"href":"https:\/\/gramaxdigital.com\/blog\/wp-json\/wp\/v2\/media?parent=70"}],"curies":[{"name":"wp","href":"https:\/\/api.w.org\/{rel}","templated":true}]}}